{"id":321,"date":"2024-12-11T15:36:18","date_gmt":"2024-12-11T14:36:18","guid":{"rendered":"https:\/\/web382.andrea.webhoster.ag\/wordpress\/?page_id=321"},"modified":"2024-12-12T14:35:58","modified_gmt":"2024-12-12T13:35:58","slug":"das-ahrenvioelfelder-westermoor","status":"publish","type":"page","link":"https:\/\/ahrenvioelfeld.de\/wordpress\/das-ahrenvioelfelder-westermoor\/","title":{"rendered":"Das Ahrenvi\u00f6lfelder Westermoor"},"content":{"rendered":"\n<style type=\"text\/css\" data-created_by=\"avia_inline_auto\" id=\"style-css-av-m4ioc6qg-adaeba768a7cae03643cffd35bc1159b\">\n#top .av-special-heading.av-m4ioc6qg-adaeba768a7cae03643cffd35bc1159b{\npadding-bottom:10px;\n}\nbody .av-special-heading.av-m4ioc6qg-adaeba768a7cae03643cffd35bc1159b .av-special-heading-tag .heading-char{\nfont-size:25px;\n}\n.av-special-heading.av-m4ioc6qg-adaeba768a7cae03643cffd35bc1159b .av-subheading{\nfont-size:15px;\n}\n<\/style>\n<div  class='av-special-heading av-m4ioc6qg-adaeba768a7cae03643cffd35bc1159b av-special-heading-h3  avia-builder-el-0  el_before_av_section  avia-builder-el-no-sibling '><h3 class='av-special-heading-tag '  itemprop=\"headline\"  >Das Ahrenvi\u00f6lfelder Westermoor<\/h3><div class=\"special-heading-border\"><div class=\"special-heading-inner-border\"><\/div><\/div><\/div>\n<\/div><\/div><\/div><!-- close content main div --><\/div><\/div>\n<style type=\"text\/css\" data-created_by=\"avia_inline_auto\" id=\"style-css-av-m4lbp9zt-b9149077a47ad628c43b5ff2b357fe1d\">\n.avia-section.av-m4lbp9zt-b9149077a47ad628c43b5ff2b357fe1d .av-parallax .av-parallax-inner{\nbackground-repeat:no-repeat;\nbackground-image:url(https:\/\/ahrenvioelfeld.de\/wordpress\/wp-content\/uploads\/2024\/11\/vonoben8-scaled.jpg);\nbackground-position:0% 0%;\nbackground-attachment:scroll;\n}\n<\/style>\n<div id='av_section_1'  class='avia-section av-m4lbp9zt-b9149077a47ad628c43b5ff2b357fe1d main_color avia-section-default avia-no-border-styling  avia-builder-el-1  el_after_av_heading  el_before_av_one_fourth  av-parallax-section avia-bg-style-parallax av-minimum-height av-minimum-height-50 av-height-50  container_wrap sidebar_right'  data-section-bg-repeat='no-repeat' data-av_minimum_height_pc='50' data-av_min_height_opt='50'><div class='av-parallax' data-avia-parallax-ratio='0.3' ><div class='av-parallax-inner main_color avia-full-stretch'><\/div><\/div><div class='container av-section-cont-open' ><div class='template-page content  av-content-small alpha units'><div class='post-entry post-entry-type-page post-entry-321'><div class='entry-content-wrapper clearfix'><\/div><\/div><\/div><!-- close content main div --><\/div><\/div><div id='after_section_1'  class='main_color av_default_container_wrap container_wrap sidebar_right'  ><div class='container av-section-cont-open' ><div class='template-page content  av-content-small alpha units'><div class='post-entry post-entry-type-page post-entry-321'><div class='entry-content-wrapper clearfix'>\n<div  class='flex_column av-bbwnt-23362d2ac911a770da196aa8ff072475 av_one_fourth  avia-builder-el-2  el_after_av_section  el_before_av_three_fourth  avia-builder-el-first  first flex_column_div  '     ><p>\n<style type=\"text\/css\" data-created_by=\"avia_inline_auto\" id=\"style-css-av-m4io09jd-bbc3d23977d35430fc444bdd90167e64\">\n.avia-image-container.av-m4io09jd-bbc3d23977d35430fc444bdd90167e64 img.avia_image{\nbox-shadow:none;\n}\n.avia-image-container.av-m4io09jd-bbc3d23977d35430fc444bdd90167e64 .av-image-caption-overlay-center{\ncolor:#ffffff;\n}\n<\/style>\n<div  class='avia-image-container av-m4io09jd-bbc3d23977d35430fc444bdd90167e64 av-styling- avia-align-center  avia-builder-el-3  el_before_av_hr  avia-builder-el-first '   itemprop=\"image\" itemscope=\"itemscope\" itemtype=\"https:\/\/schema.org\/ImageObject\" ><div class=\"avia-image-container-inner\"><div class=\"avia-image-overlay-wrap\"><img decoding=\"async\" fetchpriority=\"high\" class='wp-image-334 avia-img-lazy-loading-not-334 avia_image ' src=\"https:\/\/ahrenvioelfeld.de\/wordpress\/wp-content\/uploads\/2024\/12\/Bilder-Moor_0005-e1734450442738-300x115.jpg\" alt='' title='Bilder Moor_005'  height=\"115\" width=\"300\"  itemprop=\"thumbnailUrl\" srcset=\"https:\/\/ahrenvioelfeld.de\/wordpress\/wp-content\/uploads\/2024\/12\/Bilder-Moor_0005-e1734450442738-300x115.jpg 300w, https:\/\/ahrenvioelfeld.de\/wordpress\/wp-content\/uploads\/2024\/12\/Bilder-Moor_0005-e1734450442738-1030x396.jpg 1030w, https:\/\/ahrenvioelfeld.de\/wordpress\/wp-content\/uploads\/2024\/12\/Bilder-Moor_0005-e1734450442738-768x295.jpg 768w, https:\/\/ahrenvioelfeld.de\/wordpress\/wp-content\/uploads\/2024\/12\/Bilder-Moor_0005-e1734450442738-1536x591.jpg 1536w, https:\/\/ahrenvioelfeld.de\/wordpress\/wp-content\/uploads\/2024\/12\/Bilder-Moor_0005-e1734450442738-1500x577.jpg 1500w, https:\/\/ahrenvioelfeld.de\/wordpress\/wp-content\/uploads\/2024\/12\/Bilder-Moor_0005-e1734450442738-705x271.jpg 705w, https:\/\/ahrenvioelfeld.de\/wordpress\/wp-content\/uploads\/2024\/12\/Bilder-Moor_0005-e1734450442738-845x321.jpg 845w, https:\/\/ahrenvioelfeld.de\/wordpress\/wp-content\/uploads\/2024\/12\/Bilder-Moor_0005-e1734450442738.jpg 1820w\" sizes=\"(max-width: 300px) 100vw, 300px\" \/><\/div><\/div><\/div><br \/>\n<div  class='hr av-rgr5l-c958a2bbea96cd98af2dfcf1c36d01e5 hr-default  avia-builder-el-4  el_after_av_image  el_before_av_image '><span class='hr-inner '><span class=\"hr-inner-style\"><\/span><\/span><\/div><br \/>\n\n<style type=\"text\/css\" data-created_by=\"avia_inline_auto\" id=\"style-css-av-m4io0j6a-410738aa7819f00059eb389d1ca7bd29\">\n.avia-image-container.av-m4io0j6a-410738aa7819f00059eb389d1ca7bd29 img.avia_image{\nbox-shadow:none;\n}\n.avia-image-container.av-m4io0j6a-410738aa7819f00059eb389d1ca7bd29 .av-image-caption-overlay-center{\ncolor:#ffffff;\n}\n<\/style>\n<div  class='avia-image-container av-m4io0j6a-410738aa7819f00059eb389d1ca7bd29 av-styling- avia-align-center  avia-builder-el-5  el_after_av_hr  el_before_av_hr '   itemprop=\"image\" itemscope=\"itemscope\" itemtype=\"https:\/\/schema.org\/ImageObject\" ><div class=\"avia-image-container-inner\"><div class=\"avia-image-overlay-wrap\"><img decoding=\"async\" fetchpriority=\"high\" class='wp-image-336 avia-img-lazy-loading-not-336 avia_image ' src=\"https:\/\/ahrenvioelfeld.de\/wordpress\/wp-content\/uploads\/2024\/12\/Bilder-Moor_0007-1-300x199.jpg\" alt='' title='Bilder Moor_0007'  height=\"199\" width=\"300\"  itemprop=\"thumbnailUrl\" srcset=\"https:\/\/ahrenvioelfeld.de\/wordpress\/wp-content\/uploads\/2024\/12\/Bilder-Moor_0007-1-300x199.jpg 300w, https:\/\/ahrenvioelfeld.de\/wordpress\/wp-content\/uploads\/2024\/12\/Bilder-Moor_0007-1-1030x682.jpg 1030w, https:\/\/ahrenvioelfeld.de\/wordpress\/wp-content\/uploads\/2024\/12\/Bilder-Moor_0007-1-768x509.jpg 768w, https:\/\/ahrenvioelfeld.de\/wordpress\/wp-content\/uploads\/2024\/12\/Bilder-Moor_0007-1-1536x1017.jpg 1536w, https:\/\/ahrenvioelfeld.de\/wordpress\/wp-content\/uploads\/2024\/12\/Bilder-Moor_0007-1-1500x993.jpg 1500w, https:\/\/ahrenvioelfeld.de\/wordpress\/wp-content\/uploads\/2024\/12\/Bilder-Moor_0007-1-705x467.jpg 705w, https:\/\/ahrenvioelfeld.de\/wordpress\/wp-content\/uploads\/2024\/12\/Bilder-Moor_0007-1.jpg 1788w\" sizes=\"(max-width: 300px) 100vw, 300px\" \/><\/div><\/div><\/div><br \/>\n<div  class='hr av-l9fsx-6f4745b8af15e3418786aa11e088eebb hr-default  avia-builder-el-6  el_after_av_image  el_before_av_image '><span class='hr-inner '><span class=\"hr-inner-style\"><\/span><\/span><\/div><br \/>\n\n<style type=\"text\/css\" data-created_by=\"avia_inline_auto\" id=\"style-css-av-m4io0tuw-100337d5055885142d3cfdb4b45a4ffb\">\n.avia-image-container.av-m4io0tuw-100337d5055885142d3cfdb4b45a4ffb img.avia_image{\nbox-shadow:none;\n}\n.avia-image-container.av-m4io0tuw-100337d5055885142d3cfdb4b45a4ffb .av-image-caption-overlay-center{\ncolor:#ffffff;\n}\n<\/style>\n<div  class='avia-image-container av-m4io0tuw-100337d5055885142d3cfdb4b45a4ffb av-styling- avia-align-center  avia-builder-el-7  el_after_av_hr  el_before_av_hr '   itemprop=\"image\" itemscope=\"itemscope\" itemtype=\"https:\/\/schema.org\/ImageObject\" ><div class=\"avia-image-container-inner\"><div class=\"avia-image-overlay-wrap\"><img decoding=\"async\" fetchpriority=\"high\" class='wp-image-331 avia-img-lazy-loading-not-331 avia_image ' src=\"https:\/\/ahrenvioelfeld.de\/wordpress\/wp-content\/uploads\/2024\/12\/Bilder-Moor_0002-300x199.jpg\" alt='' title='Moor_0002'  height=\"199\" width=\"300\"  itemprop=\"thumbnailUrl\" srcset=\"https:\/\/ahrenvioelfeld.de\/wordpress\/wp-content\/uploads\/2024\/12\/Bilder-Moor_0002-300x199.jpg 300w, https:\/\/ahrenvioelfeld.de\/wordpress\/wp-content\/uploads\/2024\/12\/Bilder-Moor_0002-1030x684.jpg 1030w, https:\/\/ahrenvioelfeld.de\/wordpress\/wp-content\/uploads\/2024\/12\/Bilder-Moor_0002-768x510.jpg 768w, https:\/\/ahrenvioelfeld.de\/wordpress\/wp-content\/uploads\/2024\/12\/Bilder-Moor_0002-1536x1019.jpg 1536w, https:\/\/ahrenvioelfeld.de\/wordpress\/wp-content\/uploads\/2024\/12\/Bilder-Moor_0002-1500x996.jpg 1500w, https:\/\/ahrenvioelfeld.de\/wordpress\/wp-content\/uploads\/2024\/12\/Bilder-Moor_0002-705x468.jpg 705w, https:\/\/ahrenvioelfeld.de\/wordpress\/wp-content\/uploads\/2024\/12\/Bilder-Moor_0002.jpg 1784w\" sizes=\"(max-width: 300px) 100vw, 300px\" \/><\/div><\/div><\/div><br \/>\n<div  class='hr av-cpeap-130df8f71df243a614f8424cd7b5cba5 hr-default  avia-builder-el-8  el_after_av_image  el_before_av_image '><span class='hr-inner '><span class=\"hr-inner-style\"><\/span><\/span><\/div><br \/>\n\n<style type=\"text\/css\" data-created_by=\"avia_inline_auto\" id=\"style-css-av-m4io15zo-24d22615a15308067b6e0b4ba8c34d41\">\n.avia-image-container.av-m4io15zo-24d22615a15308067b6e0b4ba8c34d41 img.avia_image{\nbox-shadow:none;\n}\n.avia-image-container.av-m4io15zo-24d22615a15308067b6e0b4ba8c34d41 .av-image-caption-overlay-center{\ncolor:#ffffff;\n}\n<\/style>\n<div  class='avia-image-container av-m4io15zo-24d22615a15308067b6e0b4ba8c34d41 av-styling- avia-align-center  avia-builder-el-9  el_after_av_hr  el_before_av_hr '   itemprop=\"image\" itemscope=\"itemscope\" itemtype=\"https:\/\/schema.org\/ImageObject\" ><div class=\"avia-image-container-inner\"><div class=\"avia-image-overlay-wrap\"><img decoding=\"async\" fetchpriority=\"high\" class='wp-image-332 avia-img-lazy-loading-not-332 avia_image ' src=\"https:\/\/ahrenvioelfeld.de\/wordpress\/wp-content\/uploads\/2024\/12\/Bilder-Moor_0003-300x200.jpg\" alt='' title='Bilder Moor_0003'  height=\"200\" width=\"300\"  itemprop=\"thumbnailUrl\" srcset=\"https:\/\/ahrenvioelfeld.de\/wordpress\/wp-content\/uploads\/2024\/12\/Bilder-Moor_0003-300x200.jpg 300w, https:\/\/ahrenvioelfeld.de\/wordpress\/wp-content\/uploads\/2024\/12\/Bilder-Moor_0003-1030x688.jpg 1030w, https:\/\/ahrenvioelfeld.de\/wordpress\/wp-content\/uploads\/2024\/12\/Bilder-Moor_0003-768x513.jpg 768w, https:\/\/ahrenvioelfeld.de\/wordpress\/wp-content\/uploads\/2024\/12\/Bilder-Moor_0003-1536x1026.jpg 1536w, https:\/\/ahrenvioelfeld.de\/wordpress\/wp-content\/uploads\/2024\/12\/Bilder-Moor_0003-1500x1002.jpg 1500w, https:\/\/ahrenvioelfeld.de\/wordpress\/wp-content\/uploads\/2024\/12\/Bilder-Moor_0003-705x471.jpg 705w, https:\/\/ahrenvioelfeld.de\/wordpress\/wp-content\/uploads\/2024\/12\/Bilder-Moor_0003.jpg 1772w\" sizes=\"(max-width: 300px) 100vw, 300px\" \/><\/div><\/div><\/div><br \/>\n<div  class='hr av-9bzxd-1c159a8ac8c108d3781a8dc0e95b5e02 hr-default  avia-builder-el-10  el_after_av_image  el_before_av_image '><span class='hr-inner '><span class=\"hr-inner-style\"><\/span><\/span><\/div><br \/>\n\n<style type=\"text\/css\" data-created_by=\"avia_inline_auto\" id=\"style-css-av-m4io1jqh-9e05496bcb469eb21c2006afddafebcc\">\n.avia-image-container.av-m4io1jqh-9e05496bcb469eb21c2006afddafebcc img.avia_image{\nbox-shadow:none;\n}\n.avia-image-container.av-m4io1jqh-9e05496bcb469eb21c2006afddafebcc .av-image-caption-overlay-center{\ncolor:#ffffff;\n}\n<\/style>\n<div  class='avia-image-container av-m4io1jqh-9e05496bcb469eb21c2006afddafebcc av-styling- avia-align-center  avia-builder-el-11  el_after_av_hr  avia-builder-el-last '   itemprop=\"image\" itemscope=\"itemscope\" itemtype=\"https:\/\/schema.org\/ImageObject\" ><div class=\"avia-image-container-inner\"><div class=\"avia-image-overlay-wrap\"><img decoding=\"async\" fetchpriority=\"high\" class='wp-image-326 avia-img-lazy-loading-not-326 avia_image ' src=\"https:\/\/ahrenvioelfeld.de\/wordpress\/wp-content\/uploads\/2024\/12\/image005-1-300x194.jpg\" alt='' title='image005'  height=\"194\" width=\"300\"  itemprop=\"thumbnailUrl\" srcset=\"https:\/\/ahrenvioelfeld.de\/wordpress\/wp-content\/uploads\/2024\/12\/image005-1-300x194.jpg 300w, https:\/\/ahrenvioelfeld.de\/wordpress\/wp-content\/uploads\/2024\/12\/image005-1-1030x665.jpg 1030w, https:\/\/ahrenvioelfeld.de\/wordpress\/wp-content\/uploads\/2024\/12\/image005-1-768x496.jpg 768w, https:\/\/ahrenvioelfeld.de\/wordpress\/wp-content\/uploads\/2024\/12\/image005-1-705x455.jpg 705w, https:\/\/ahrenvioelfeld.de\/wordpress\/wp-content\/uploads\/2024\/12\/image005-1.jpg 1133w\" sizes=\"(max-width: 300px) 100vw, 300px\" \/><\/div><\/div><\/div><\/p><\/div>\n<div  class='flex_column av-cuk95-8bb46b99ee786c2d89b188289b827860 av_three_fourth  avia-builder-el-12  el_after_av_one_fourth  avia-builder-el-last  flex_column_div  '     ><p><section  class='av_textblock_section av-m4inx3lu-adfbdaf3ac80a1b9fcb870e36e8e17fe '   itemscope=\"itemscope\" itemtype=\"https:\/\/schema.org\/CreativeWork\" ><div class='avia_textblock'  itemprop=\"text\" ><p>Das Ahrenvi\u00f6lfelder Westermoor ist ein Restmoor im Entw\u00e4sserungsgebiet der Arlau und der Treene mit einer Gr\u00f6\u00dfe von etwa 68 Hektar. Es entstand nach der letzten Eiszeit, vor etwa 7000 Jahren. In dem Sandboden unter der Moorschicht findet man noch heute gut erhaltene Baumst\u00fcmpfe von Eichen und Buchen, die davon zeugen, dass diese Region fr\u00fcher sehr bewaldet war.<\/p>\n<p>Nach E. M. Weiss (1958) bildeten sich nach der letzten Eiszeit in der Mor\u00e4nenlandschaft einige nach Westen gerichtete T\u00e4ler, wozu auch die Arlauniederung geh\u00f6rt, die von eiszeitlichen Gletscherschmelzwasser durchflossen wurden und heute zwischen den Altmor\u00e4nen einen flachmuldigen, breiten Talraum bilden.<\/p>\n<p>In diesem Tal, das nach der Eisschmelze ein Binnensee war, hatte sich, nachdem der Wald verschwunden war, mit der Zeit durch die sterbenden und wieder nachwachsenden Wasserpflanzen (Moorpflanzen) auf dem Sandboden das Moor aufgebaut.<\/p>\n<p>Moor entsteht durch die Zersetzung der Pflanzen unter Ausschluss von Sauerstoff, also unter Wasser. Um nur einen Zentimeter festes Moor aufzubauen, werden zehn Jahre ben\u00f6tigt, also f\u00fcr einen Meter Moor immerhin 1000 Jahre. Als ein besonderes Moorgebiet ist dieses Moor in der Ahrenvi\u00f6lfelder Feldmark erhalten geblieben. Es wurde bei der Verkoppelung um 1880 ebenfalls mit aufgemessen, parzelliert und zugeteilt. Aber auch schon vorher ist in dem Moor, genau wie bei der Allmendenbewirtschaftung der L\u00e4ndereien, gemeinsam Moor abgebaut und Torf gemacht worden.<\/p>\n<\/div><\/section><br \/>\n<div  class='hr av-vyn35-840f921e31712aadbe2e3b70ab3801f4 hr-default  avia-builder-el-14  el_after_av_textblock  el_before_av_textblock '><span class='hr-inner '><span class=\"hr-inner-style\"><\/span><\/span><\/div><br \/>\n<section  class='av_textblock_section av-m4jofby8-164020f11dc01a9ef6934c069b0420fb '   itemscope=\"itemscope\" itemtype=\"https:\/\/schema.org\/CreativeWork\" ><div class='avia_textblock'  itemprop=\"text\" ><p>Da die Moorauflage hier zum Teil bis drei Meter dick ist, wurde dieses Moor auch durch Wege erschlossen. Es wurde ausschlie\u00dflich von den Eigent\u00fcmern zur Torfgewinnung genutzt und ist bis auf ein paar kleine Randfl\u00e4chen als Moor erhalten geblieben. Es war urspr\u00fcnglich ein Niedermoor, hat sich aber im Laufe der Jahrhunderte zu einem Hochmoor entwickelt. Hochmoore bilden sich haupts\u00e4chlich aus Torfmoosen und werden nur vom n\u00e4hrstoffarmen Regenwasser gespeist. Durch den starken Torfabbau und Entw\u00e4sserung hat das Moor viel von seiner urspr\u00fcnglichen Sch\u00f6nheit verloren. Es wirkt durch die vielen offenen Wasserstellen eher wie ein Versumpfungshochmoor. Sein heutiges Erscheinungsbild gleicht im Randbereich dem eines Buschwaldes, es dominieren hier Grau- und Ohrenweiden (Kr\u00fcppelweiden) sowie Birken, Espen oder Zitterpappeln. Vereinzelt stehen auch Eichen.<\/p>\n<p>Auf den freien Fl\u00e4chen hat der Gagelstrauch, auch Porstkraut genannt und das Pfeifen- oder Bentgras \u00fcberhand genommen und dabei die Heide zur\u00fcckgedr\u00e4ngt. Gr\u00f6\u00dfere zusammenh\u00e4ngende Heidefl\u00e4chen gibt es fast nicht mehr. Mitten durch dieses Moor f\u00fchrte der Hauptverbindungsweg nach Bondelum auf einem Damm, der gleichzeitig eine Wasserscheide bildet. Das Moor und das Gel\u00e4nde westlich des Weges entw\u00e4ssert zur Arlau, und das Moor \u00f6stlich entw\u00e4ssert in die Treene. Bis Ende der f\u00fcnfziger Jahre, als das Brikett und die Kohle auf den Markt kamen, wurde hier auf jeder Moorparzelle Torf gemacht. Dieser Torf, der Streichtorf, war begehrtes Brennmaterial und Heizmittel f\u00fcr die Haushalte.<\/p>\n<p>Fr\u00fcher waren in der Region der Schleswigschen Geest, vor allem in der Arlau-Niederung, sehr viele Moore auf denen der Torf mit dem Moorspaten in fertigen Torfst\u00fccken gestochen und getrocknet wurde. Aber fast alle diese flachen Moore wurden im Lauf der Jahre, vor allem w\u00e4hrend der Flurbereinigung entw\u00e4ssert, tiefkultiviert und danach als Wiesen landwirtschaftlich genutzt und sind heute verschwunden. Dadurch verschwanden auch die Birkh\u00fchner, die bis dahin hier noch eifrig gebalzt hatten. Die Letzten wurden um 1970 gesehen, auch die Trauerseeschwalben \u2013 \u00bbT\u00fcten\u00ab genannt \u2013 waren einmal hier zu Hause. Heute sieht man sie nicht mehr.<\/p>\n<\/div><\/section><br \/>\n<div  class='hr av-e0jtt-e3c2f309cb9d20972b29c3880ccae7c8 hr-default  avia-builder-el-16  el_after_av_textblock  avia-builder-el-last '><span class='hr-inner '><span class=\"hr-inner-style\"><\/span><\/span><\/div><\/p><\/div>\n","protected":false},"excerpt":{"rendered":"","protected":false},"author":1,"featured_media":0,"parent":0,"menu_order":0,"comment_status":"closed","ping_status":"closed","template":"","meta":{"footnotes":""},"class_list":["post-321","page","type-page","status-publish","hentry"],"_links":{"self":[{"href":"https:\/\/ahrenvioelfeld.de\/wordpress\/wp-json\/wp\/v2\/pages\/321","targetHints":{"allow":["GET"]}}],"collection":[{"href":"https:\/\/ahrenvioelfeld.de\/wordpress\/wp-json\/wp\/v2\/pages"}],"about":[{"href":"https:\/\/ahrenvioelfeld.de\/wordpress\/wp-json\/wp\/v2\/types\/page"}],"author":[{"embeddable":true,"href":"https:\/\/ahrenvioelfeld.de\/wordpress\/wp-json\/wp\/v2\/users\/1"}],"replies":[{"embeddable":true,"href":"https:\/\/ahrenvioelfeld.de\/wordpress\/wp-json\/wp\/v2\/comments?post=321"}],"version-history":[{"count":9,"href":"https:\/\/ahrenvioelfeld.de\/wordpress\/wp-json\/wp\/v2\/pages\/321\/revisions"}],"predecessor-version":[{"id":548,"href":"https:\/\/ahrenvioelfeld.de\/wordpress\/wp-json\/wp\/v2\/pages\/321\/revisions\/548"}],"wp:attachment":[{"href":"https:\/\/ahrenvioelfeld.de\/wordpress\/wp-json\/wp\/v2\/media?parent=321"}],"curies":[{"name":"wp","href":"https:\/\/api.w.org\/{rel}","templated":true}]}}