{"id":150,"date":"2024-12-06T14:27:24","date_gmt":"2024-12-06T13:27:24","guid":{"rendered":"https:\/\/web382.andrea.webhoster.ag\/wordpress\/?page_id=150"},"modified":"2026-03-10T09:53:20","modified_gmt":"2026-03-10T08:53:20","slug":"gemeinde","status":"publish","type":"page","link":"https:\/\/ahrenvioelfeld.de\/wordpress\/gemeinde\/","title":{"rendered":"Gemeinde"},"content":{"rendered":"<div  class='flex_column av-lnrvi-05fb67349787f15c289455a8b6a4c7af av_one_half  avia-builder-el-0  el_before_av_one_half  avia-builder-el-first  first flex_column_div  '     ><section  class='av_textblock_section av-m49v5yhb-dd7c100dcf10f02977b895c22f8bc357 '   itemscope=\"itemscope\" itemtype=\"https:\/\/schema.org\/CreativeWork\" ><div class='avia_textblock'  itemprop=\"text\" ><p>Ahrenvi\u00f6lfeld hat nach der Trennung von Ahrenvi\u00f6l seit 01.Dezember 1934 eine eigene Gemeindevertretung.<\/p>\n<p>Heute hat die Gemeinde mit Stefan Petersen (B\u00fcrgermeister), Finja R\u00f6nnau (1. stv. B\u00fcrgermeisterin), Bernhard Vogt (2. stv. B\u00fcrgermeister), Joachim Selle, Joana Klein, J\u00f6rg G\u00fcnther, Oke Wesemann und Anja Petersen acht Gemeindevertreter. Die Gemeinde verwaltet sich in eigenen Angelegenheiten selbst. Hierbei wird sie durch das Amt Vi\u00f6l unterst\u00fctzt.<\/p>\n<\/div><\/section><\/div>\n<div  class='flex_column av-du0cu-c550bba3e2f100a393dbfeb044d28640 av_one_half  avia-builder-el-2  el_after_av_one_half  el_before_av_three_fourth  flex_column_div  '     ><style type=\"text\/css\" data-created_by=\"avia_inline_auto\" id=\"style-css-av-m4ldbhtu-cf8a1be60f45d4501ccc5eeb7435a4f2\">\n#top .av_textblock_section.av-m4ldbhtu-cf8a1be60f45d4501ccc5eeb7435a4f2 .avia_textblock{\ncolor:#2323d1;\n}\n<\/style>\n<section  class='av_textblock_section av-m4ldbhtu-cf8a1be60f45d4501ccc5eeb7435a4f2 '   itemscope=\"itemscope\" itemtype=\"https:\/\/schema.org\/CreativeWork\" ><div class='avia_textblock av_inherit_color'  itemprop=\"text\" ><h5><a href=\"https:\/\/ahrenvioelfeld.de\/wordpress\/wp-content\/uploads\/2026\/02\/Bekanntmachung-der-Sitzung-Gemeindevertretung-Ahrenvioelfeld-am-23.02.2026.pdf\" target=\"_blank\" rel=\"noopener\">Bekanntmachung der Sitzung Gemeindevertretung Ahrenvi\u00f6lfeld am 23.02.2026<\/a><\/h5>\n<h5><a href=\"https:\/\/web382.andrea.webhoster.ag\/wordpress\/wp-content\/uploads\/2024\/12\/Auss_Ak.pdf\" target=\"_blank\" rel=\"noopener\">Besetzung der Aussch\u00fcsse <\/a><\/h5>\n<h5><a href=\"https:\/\/web382.andrea.webhoster.ag\/wordpress\/wp-content\/uploads\/2024\/12\/Auss_Ak.pdf\" target=\"_blank\" rel=\"noopener\">innerhalb der <\/a><a href=\"https:\/\/web382.andrea.webhoster.ag\/wordpress\/wp-content\/uploads\/2024\/12\/Auss_Ak.pdf\" target=\"_blank\" rel=\"noopener\">Gemeindevertretung<\/a><\/h5>\n<\/div><\/section><\/div>\n<div  class='flex_column av-lixhq-4ba55c5df309ec076fdc2052ffcd3f7c av_three_fourth  avia-builder-el-4  el_after_av_one_half  el_before_av_section  avia-builder-el-last  first flex_column_div  column-top-margin'     ><p>\n<style type=\"text\/css\" data-created_by=\"avia_inline_auto\" id=\"style-css-av-m4joimg1-fa26048e62562c96963ed3677ba80d6e\">\n#top .av-special-heading.av-m4joimg1-fa26048e62562c96963ed3677ba80d6e{\npadding-bottom:10px;\n}\nbody .av-special-heading.av-m4joimg1-fa26048e62562c96963ed3677ba80d6e .av-special-heading-tag .heading-char{\nfont-size:25px;\n}\n.av-special-heading.av-m4joimg1-fa26048e62562c96963ed3677ba80d6e .av-subheading{\nfont-size:15px;\n}\n<\/style>\n<div  class='av-special-heading av-m4joimg1-fa26048e62562c96963ed3677ba80d6e av-special-heading-h3  avia-builder-el-5  el_before_av_textblock  avia-builder-el-first '><h3 class='av-special-heading-tag '  itemprop=\"headline\"  >Zur Geschichte<\/h3><div class=\"special-heading-border\"><div class=\"special-heading-inner-border\"><\/div><\/div><\/div><br \/>\n<section  class='av_textblock_section av-m4jopdne-734b1115bcc810a36a92093cb01a76c6 '   itemscope=\"itemscope\" itemtype=\"https:\/\/schema.org\/CreativeWork\" ><div class='avia_textblock'  itemprop=\"text\" ><p>Zum B\u00fcrgermeister der Gemeinde Ahrenvi\u00f6lfeld, der bis etwa 1935 &#8222;Dorfschulze&#8220; genannt wurde, wurde Thomas Hansen (Bahn) benannt. Neben den \u00bbDorfschulzen\u00ab Thomas Hansen, (Bahn), bestand die erste Gemeindevertretung aus Peter M. Hansen (Krieres), Heinrich Chr. Thiesen, Kaufmann, Lorenz Fr. R\u00f6he, Sievert Hasche, Christian Petersen (Kerns) und Peter Thiesen.<\/p>\n<p>Ahrenvi\u00f6lfeld wurde fr\u00fcher, nachdem es eine Bahnhaltestelle erhalten hatte, im Volksmund \u00bbAhrenvi\u00f6l-Bahnhof\u00ab genannt. Ahrenvi\u00f6l-Bahnhof war damals \u00fcberwiegend auch die Anschrift auf Postsendungen und galt als Adresse bis nach dem Zweiten Weltkrieg, als die Haltestelle geschlossen wurde und das Bahnhofsgeb\u00e4ude verschwand.<\/p>\n<p>Seitdem ist die offizielle Anschrift \u00bbAhrenvi\u00f6lfeld\u00ab. Vielleicht w\u00e4re es besser gewesen, f\u00fcr die neue Gemeinde sogleich einen anderen, neutralen Namen zu finden oder \u201eAhrenvi\u00f6l-Bahnhof\u201c zu behalten, denn es kommt heute doch oft zu Verwechselungen mit Ahrenvi\u00f6l. Aus den damaligen Protokollen geht hervor, dass es zun\u00e4chst schwere Jahre f\u00fcr die Vertretung in der kleinen Gemeinde gab, denn das Geld war au\u00dferordentlich knapp. Der Gemeindehaushalt betrug lediglich 5.000 bis 6.000 RM (enspricht etwa 27.000 bis 33.000 Euro).<\/p>\n<p>Auch der Landwirtschaft ging es nicht gut. So wurden mehrfach r\u00fcckst\u00e4ndige Steuern vom Milchgeld gepf\u00e4ndet. Die Hauptaufgaben der Gemeinde bestanden damals in der Unterhaltung der Schule und der Gemeindewege. Es wurde sofort beschlossen, die Jagdpacht f\u00fcr die Unterhaltung der Wege zu verwenden und die Wegebanketten an Kleinkuhhalter zu verpachten.<\/p>\n<\/div><\/section><br \/>\n<div  class='hr av-1a98m-4cfd4c1c62f151070b3eab93d3368a75 hr-default  avia-builder-el-7  el_after_av_textblock  avia-builder-el-last '><span class='hr-inner '><span class=\"hr-inner-style\"><\/span><\/span><\/div><\/p><\/div>\n<\/div><\/div><\/div><!-- close content main div --><\/div><\/div>\n<style type=\"text\/css\" data-created_by=\"avia_inline_auto\" id=\"style-css-av-m49urt14-8304c0cd30922bb854026488b722d0b4\">\n.avia-section.av-m49urt14-8304c0cd30922bb854026488b722d0b4 .av-parallax .av-parallax-inner{\nbackground-repeat:no-repeat;\nbackground-image:url(https:\/\/ahrenvioelfeld.de\/wordpress\/wp-content\/uploads\/2024\/11\/vonoben1-scaled.jpg);\nbackground-position:0% 0%;\nbackground-attachment:scroll;\n}\n<\/style>\n<div id='av_section_1'  class='avia-section av-m49urt14-8304c0cd30922bb854026488b722d0b4 main_color avia-section-default avia-no-border-styling  avia-builder-el-8  el_after_av_three_fourth  el_before_av_two_fifth  av-parallax-section avia-bg-style-parallax av-minimum-height av-minimum-height-50 av-height-50  container_wrap sidebar_right'  data-section-bg-repeat='no-repeat' data-av_minimum_height_pc='50' data-av_min_height_opt='50'><div class='av-parallax' data-avia-parallax-ratio='0.3' ><div class='av-parallax-inner main_color avia-full-stretch'><\/div><\/div><div class='container av-section-cont-open' ><div class='template-page content  av-content-small alpha units'><div class='post-entry post-entry-type-page post-entry-150'><div class='entry-content-wrapper clearfix'><\/div><\/div><\/div><!-- close content main div --><\/div><\/div><div id='after_section_1'  class='main_color av_default_container_wrap container_wrap sidebar_right'  ><div class='container av-section-cont-open' ><div class='template-page content  av-content-small alpha units'><div class='post-entry post-entry-type-page post-entry-150'><div class='entry-content-wrapper clearfix'>\n<div  class='flex_column av-es5iu-7b60ea1253a79ba3e1368d5c73d5d99b av_two_fifth  avia-builder-el-9  el_after_av_section  el_before_av_two_fifth  avia-builder-el-first  first flex_column_div  '     ><style type=\"text\/css\" data-created_by=\"avia_inline_auto\" id=\"style-css-av-m49weolk-00ab3ba564b3aa0bab9939539232de68\">\n.avia-image-container.av-m49weolk-00ab3ba564b3aa0bab9939539232de68 img.avia_image{\nbox-shadow:none;\n}\n.avia-image-container.av-m49weolk-00ab3ba564b3aa0bab9939539232de68 .av-image-caption-overlay-center{\ncolor:#ffffff;\n}\n<\/style>\n<div  class='avia-image-container av-m49weolk-00ab3ba564b3aa0bab9939539232de68 av-styling- avia-align-left  avia-builder-el-10  avia-builder-el-no-sibling '   itemprop=\"image\" itemscope=\"itemscope\" itemtype=\"https:\/\/schema.org\/ImageObject\" ><div class=\"avia-image-container-inner\"><div class=\"avia-image-overlay-wrap\"><img decoding=\"async\" fetchpriority=\"high\" class='wp-image-154 avia-img-lazy-loading-not-154 avia_image ' src=\"https:\/\/ahrenvioelfeld.de\/wordpress\/wp-content\/uploads\/2024\/12\/luca-bravo-9l_326FISzk-unsplash-300x200.jpg\" alt='' title='luca-bravo-9l_326FISzk-unsplash'  height=\"200\" width=\"300\"  itemprop=\"thumbnailUrl\" srcset=\"https:\/\/ahrenvioelfeld.de\/wordpress\/wp-content\/uploads\/2024\/12\/luca-bravo-9l_326FISzk-unsplash-300x200.jpg 300w, https:\/\/ahrenvioelfeld.de\/wordpress\/wp-content\/uploads\/2024\/12\/luca-bravo-9l_326FISzk-unsplash-1030x687.jpg 1030w, https:\/\/ahrenvioelfeld.de\/wordpress\/wp-content\/uploads\/2024\/12\/luca-bravo-9l_326FISzk-unsplash-768x512.jpg 768w, https:\/\/ahrenvioelfeld.de\/wordpress\/wp-content\/uploads\/2024\/12\/luca-bravo-9l_326FISzk-unsplash-1536x1024.jpg 1536w, https:\/\/ahrenvioelfeld.de\/wordpress\/wp-content\/uploads\/2024\/12\/luca-bravo-9l_326FISzk-unsplash-1500x1000.jpg 1500w, https:\/\/ahrenvioelfeld.de\/wordpress\/wp-content\/uploads\/2024\/12\/luca-bravo-9l_326FISzk-unsplash-705x470.jpg 705w, https:\/\/ahrenvioelfeld.de\/wordpress\/wp-content\/uploads\/2024\/12\/luca-bravo-9l_326FISzk-unsplash.jpg 1920w\" sizes=\"(max-width: 300px) 100vw, 300px\" \/><\/div><\/div><\/div><\/div>\n<div  class='flex_column av-92pou-1396b440701d78fdbde21e2857ad1be3 av_two_fifth  avia-builder-el-11  el_after_av_two_fifth  el_before_av_hr  flex_column_div  '     ><p>\n<style type=\"text\/css\" data-created_by=\"avia_inline_auto\" id=\"style-css-av-m4la529h-894b201f1fb453fbbf0ddaa855243a83\">\n#top .av-special-heading.av-m4la529h-894b201f1fb453fbbf0ddaa855243a83{\npadding-bottom:10px;\n}\nbody .av-special-heading.av-m4la529h-894b201f1fb453fbbf0ddaa855243a83 .av-special-heading-tag .heading-char{\nfont-size:25px;\n}\n.av-special-heading.av-m4la529h-894b201f1fb453fbbf0ddaa855243a83 .av-subheading{\nfont-size:15px;\n}\n<\/style>\n<div  class='av-special-heading av-m4la529h-894b201f1fb453fbbf0ddaa855243a83 av-special-heading-h3  avia-builder-el-12  el_before_av_hr  avia-builder-el-first '><h3 class='av-special-heading-tag '  itemprop=\"headline\"  >Protokolle der Gemeinderatssitzungen<\/h3><div class=\"special-heading-border\"><div class=\"special-heading-inner-border\"><\/div><\/div><\/div><br \/>\n<div  class='hr av-b9kfa-c7dbda9dfda7b340c0730809ba5f582e hr-default  avia-builder-el-13  el_after_av_heading  el_before_av_textblock '><span class='hr-inner '><span class=\"hr-inner-style\"><\/span><\/span><\/div><br \/>\n<section  class='av_textblock_section av-mbalfjxi-02017247a53f5e8fe23ef08e730e4d7e '   itemscope=\"itemscope\" itemtype=\"https:\/\/schema.org\/CreativeWork\" ><div class='avia_textblock'  itemprop=\"text\" ><p><a href=\"https:\/\/ahrenvioelfeld.de\/wordpress\/wp-content\/uploads\/2026\/03\/Niederschrift-zur-Sitzung-Gemeindevertretung-Ahrenvioelfeld-am-23.02.2026-oeffentlich.pdf\">Niederschrift zur Sitzung Gemeindevertretung Ahrenvi\u00f6lfeld am 23.02.2026 (\u00f6ffentlich)<\/a><\/p>\n<\/div><\/section><br \/>\n<section  class='av_textblock_section av-av_textblock-92ab5b4c5448b40ef3b82fb3d397e98e '   itemscope=\"itemscope\" itemtype=\"https:\/\/schema.org\/CreativeWork\" ><div class='avia_textblock'  itemprop=\"text\" ><p><a href=\"https:\/\/ahrenvioelfeld.de\/wordpress\/wp-content\/uploads\/2026\/02\/Niederschrift-zur-Sitzung-Gemeindevertretung-Ahrenvioelfeld-am-01.12.2025-oeffentlich.pdf\">Niederschrift zur Sitzung Gemeindevertretung Ahrenvi\u00f6lfeld am 01.12.2025 (\u00f6ffentlich)<\/a><\/p>\n<\/div><\/section><br \/>\n<section  class='av_textblock_section av-b535q-899bda87770e3edf1e34b52e441871bd '   itemscope=\"itemscope\" itemtype=\"https:\/\/schema.org\/CreativeWork\" ><div class='avia_textblock'  itemprop=\"text\" ><p><a href=\"https:\/\/ahrenvioelfeld.de\/wordpress\/wp-content\/uploads\/2025\/10\/Niederschrift-zur-Sitzung-Gemeindevertretung-Ahrenvioelfeld-am-08.09.2025-oeffentlich.pdf\" target=\"_blank\" rel=\"noopener\">Niederschrift zur Sitzung Gemeindevertretung Ahrenvi\u00f6lfeld am 08.09.2025<\/a><\/p>\n<\/div><\/section><br \/>\n<section  class='av_textblock_section av-8z8ou-ea7d5acd86270f2bd6feb62173bcdf8a '   itemscope=\"itemscope\" itemtype=\"https:\/\/schema.org\/CreativeWork\" ><div class='avia_textblock'  itemprop=\"text\" ><p><a href=\"https:\/\/ahrenvioelfeld.de\/wordpress\/wp-content\/uploads\/2025\/07\/Niederschrift-zur-Sitzung-Gemeindevertretung-Ahrenvioelfeld-am-16.06.2025.pdf\" target=\"_blank\" rel=\"noopener\">Niederschrift zur Sitzung Gemeindevertretung Ahrenvi\u00f6lfeld am 16.06.2025<\/a><\/p>\n<\/div><\/section><br \/>\n<section  class='av_textblock_section av-7ak9y-113e62458d07aab23dfd2bd963ac9eeb '   itemscope=\"itemscope\" itemtype=\"https:\/\/schema.org\/CreativeWork\" ><div class='avia_textblock'  itemprop=\"text\" ><p><a href=\"https:\/\/ahrenvioelfeld.de\/wordpress\/wp-content\/uploads\/2025\/06\/nie-avf-einwv-03.04.2025.pdf\" target=\"_blank\" rel=\"noopener\">Niederschrift der Einwohnerversammlung vom 03.04.2025<\/a><\/p>\n<\/div><\/section><br \/>\n<section  class='av_textblock_section av-74thi-959a5d48baf01baca67338b31e757c9c '   itemscope=\"itemscope\" itemtype=\"https:\/\/schema.org\/CreativeWork\" ><div class='avia_textblock'  itemprop=\"text\" ><p><a href=\"https:\/\/ahrenvioelfeld.de\/wordpress\/wp-content\/uploads\/2025\/05\/520501946860_Niederschrift-zur-Sitzung-Gemeindevertretung-Ahrenvioelfeld-am-24022025-oeffentlich.pdf\" target=\"_blank\" rel=\"noopener\">Protokoll Gemeinderatssitzung 01\/2025<\/a><\/p>\n<\/div><\/section><br \/>\n<section  class='av_textblock_section av-m7en9l6g-788e422a0cd1cb078b308114f992e474 '   itemscope=\"itemscope\" itemtype=\"https:\/\/schema.org\/CreativeWork\" ><div class='avia_textblock'  itemprop=\"text\" ><p><a href=\"https:\/\/ahrenvioelfeld.de\/wordpress\/wp-content\/uploads\/2025\/02\/520501781384_Niederschrift-zur-Sitzung-Gemeindevertretung-Ahrenvioelfeld-am-02122024-oeffentlich.pdf\" target=\"_blank\" rel=\"noopener\">Protokoll Gemeinderatssitzung 02\/2024<\/a><\/p>\n<\/div><\/section><br \/>\n<section  class='av_textblock_section av-m49w3e09-f2d3b44626496bd5b3c57ddc5a2195c9 '   itemscope=\"itemscope\" itemtype=\"https:\/\/schema.org\/CreativeWork\" ><div class='avia_textblock'  itemprop=\"text\" ><p><a href=\"https:\/\/web382.andrea.webhoster.ag\/wordpress\/wp-content\/uploads\/2024\/12\/01_2024_vom_24_04_2024.pdf\" target=\"_blank\" rel=\"noopener\">Protokoll Gemeinderatssitzung 01\/2024<\/a><\/p>\n<\/div><\/section><\/p><\/div>\n<style type=\"text\/css\" data-created_by=\"avia_inline_auto\" id=\"style-css-av-m4lacsc4-82bd57ffb92f2da766cae8459fc4c5f3\">\n#top .hr.hr-invisible.av-m4lacsc4-82bd57ffb92f2da766cae8459fc4c5f3{\nheight:50px;\n}\n<\/style>\n<div  class='hr av-m4lacsc4-82bd57ffb92f2da766cae8459fc4c5f3 hr-invisible  avia-builder-el-22  el_after_av_two_fifth  el_before_av_two_fifth '><span class='hr-inner '><span class=\"hr-inner-style\"><\/span><\/span><\/div><\/p>\n<div  class='flex_column av-a6voe-40b591bd491bb3c2f561cc44c1cec801 av_two_fifth  avia-builder-el-23  el_after_av_hr  el_before_av_three_fifth  first flex_column_div  '     ><p>\n<style type=\"text\/css\" data-created_by=\"avia_inline_auto\" id=\"style-css-av-m4l9m3ny-e9b510d01784e39b3915acf88b18c9fd\">\n#top .av-special-heading.av-m4l9m3ny-e9b510d01784e39b3915acf88b18c9fd{\npadding-bottom:10px;\n}\nbody .av-special-heading.av-m4l9m3ny-e9b510d01784e39b3915acf88b18c9fd .av-special-heading-tag .heading-char{\nfont-size:25px;\n}\n.av-special-heading.av-m4l9m3ny-e9b510d01784e39b3915acf88b18c9fd .av-subheading{\nfont-size:15px;\n}\n<\/style>\n<div  class='av-special-heading av-m4l9m3ny-e9b510d01784e39b3915acf88b18c9fd av-special-heading-h3  avia-builder-el-24  el_before_av_textblock  avia-builder-el-first '><h3 class='av-special-heading-tag '  itemprop=\"headline\"  >Links zu anderen Web-Seiten<\/h3><div class=\"special-heading-border\"><div class=\"special-heading-inner-border\"><\/div><\/div><\/div><br \/>\n<section  class='av_textblock_section av-m49wc8sk-ba26d7f113c291afc5d5c6ad00288fe7 '   itemscope=\"itemscope\" itemtype=\"https:\/\/schema.org\/CreativeWork\" ><div class='avia_textblock'  itemprop=\"text\" ><p><a href=\"https:\/\/www.amt-vioel.de\/\" target=\"_blank\" rel=\"noopener\"><img decoding=\"async\" class=\"alignnone size-full wp-image-366\" src=\"https:\/\/ahrenvioelfeld.de\/wordpress\/wp-content\/uploads\/2024\/12\/amtswappen.jpg\" alt=\"\" width=\"232\" height=\"98\" \/><\/a><\/p>\n<\/div><\/section><br \/>\n<section  class='av_textblock_section av-m4l9wtmb-c53286daedc395b79deab8d74df2efc8 '   itemscope=\"itemscope\" itemtype=\"https:\/\/schema.org\/CreativeWork\" ><div class='avia_textblock'  itemprop=\"text\" ><p><a href=\"https:\/\/www.grafik-nissen.de\/amt-vi%C3%B6l-aktuell\/\" target=\"_blank\" rel=\"noopener\"><img decoding=\"async\" class=\"alignnone size-full wp-image-500\" src=\"https:\/\/ahrenvioelfeld.de\/wordpress\/wp-content\/uploads\/2024\/12\/Amt_Vioel_Aktuell.jpg\" alt=\"\" width=\"301\" height=\"59\" \/><\/a><\/p>\n<\/div><\/section><br \/>\n<section  class='av_textblock_section av-m4la2j4h-775726707940b4754bbc1c844db32773 '   itemscope=\"itemscope\" itemtype=\"https:\/\/schema.org\/CreativeWork\" ><div class='avia_textblock'  itemprop=\"text\" ><p><a href=\"https:\/\/www.bzsnf.de\/\" target=\"_blank\" rel=\"noopener\"><img decoding=\"async\" class=\"alignnone size-medium wp-image-502\" src=\"https:\/\/ahrenvioelfeld.de\/wordpress\/wp-content\/uploads\/2024\/12\/Breitbanzweckverband-300x83.jpg\" alt=\"\" width=\"300\" height=\"83\" srcset=\"https:\/\/ahrenvioelfeld.de\/wordpress\/wp-content\/uploads\/2024\/12\/Breitbanzweckverband-300x83.jpg 300w, https:\/\/ahrenvioelfeld.de\/wordpress\/wp-content\/uploads\/2024\/12\/Breitbanzweckverband.jpg 329w\" sizes=\"(max-width: 300px) 100vw, 300px\" \/><\/a><\/p>\n<\/div><\/section><br \/>\n<section  class='av_textblock_section av-m4l9zjh4-6fbdd3a7f7406200a7d047a637a27e13 '   itemscope=\"itemscope\" itemtype=\"https:\/\/schema.org\/CreativeWork\" ><div class='avia_textblock'  itemprop=\"text\" ><p><a href=\"https:\/\/www.nordfriesen-glasfaser.de\/\" target=\"_blank\" rel=\"noopener\"><img decoding=\"async\" class=\"alignnone size-full wp-image-501\" src=\"https:\/\/ahrenvioelfeld.de\/wordpress\/wp-content\/uploads\/2024\/12\/Nordfriesenglasfaser.jpg\" alt=\"\" width=\"191\" height=\"92\" \/><\/a><\/p>\n<\/div><\/section><\/p><\/div>\n<div  class='flex_column av-sbt2u-3d512a6d5e87f1ea77041353010264a9 av_three_fifth  avia-builder-el-29  el_after_av_two_fifth  avia-builder-el-last  flex_column_div  '     ><p>\n<style type=\"text\/css\" data-created_by=\"avia_inline_auto\" id=\"style-css-av-m4lcqfy6-1ae0a50c421e86483aa8956f15d6f023\">\n#top .av-special-heading.av-m4lcqfy6-1ae0a50c421e86483aa8956f15d6f023{\npadding-bottom:10px;\n}\nbody .av-special-heading.av-m4lcqfy6-1ae0a50c421e86483aa8956f15d6f023 .av-special-heading-tag .heading-char{\nfont-size:25px;\n}\n.av-special-heading.av-m4lcqfy6-1ae0a50c421e86483aa8956f15d6f023 .av-subheading{\nfont-size:15px;\n}\n<\/style>\n<div  class='av-special-heading av-m4lcqfy6-1ae0a50c421e86483aa8956f15d6f023 av-special-heading-h3  avia-builder-el-30  el_before_av_hr  avia-builder-el-first '><h3 class='av-special-heading-tag '  itemprop=\"headline\"  >Infos f\u00fcr Neub\u00fcrger<\/h3><div class=\"special-heading-border\"><div class=\"special-heading-inner-border\"><\/div><\/div><\/div><br \/>\n<div  class='hr av-m67ge-f782a2220afc21029925eca1d9c23813 hr-default  avia-builder-el-31  el_after_av_heading  el_before_av_textblock '><span class='hr-inner '><span class=\"hr-inner-style\"><\/span><\/span><\/div><br \/>\n<section  class='av_textblock_section av-m4lcvr4x-c41f682315ba336b052faeb262be9f42 '   itemscope=\"itemscope\" itemtype=\"https:\/\/schema.org\/CreativeWork\" ><div class='avia_textblock'  itemprop=\"text\" ><p><a href=\"https:\/\/www.amt-vioel.de\/Service-f%C3%BCr-unsere-B%C3%BCrger\/B%C3%BCrgerservice\/Was-erledige-ich-wo-\/\" target=\"_blank\" rel=\"noopener\">B\u00fcrgerservice vom Amt Vi\u00f6l<\/a><\/p>\n<p><a href=\"https:\/\/www.amt-vioel.de\/Service-f%C3%BCr-unsere-B%C3%BCrger\/B%C3%BCrgerservice\/Was-erledige-ich-wo-\/\" target=\"_blank\" rel=\"noopener\">Was erledige ich wo?<\/a><\/p>\n<\/div><\/section><br \/>\n<div  class='hr av-ho9za-167f2b1fc9de27ce86ce8c1551c28069 hr-default  avia-builder-el-33  el_after_av_textblock  el_before_av_textblock '><span class='hr-inner '><span class=\"hr-inner-style\"><\/span><\/span><\/div><br \/>\n<section  class='av_textblock_section av-m4lcxe8h-dd705a3469a363c75a0ba6807944406c '   itemscope=\"itemscope\" itemtype=\"https:\/\/schema.org\/CreativeWork\" ><div class='avia_textblock'  itemprop=\"text\" ><p>\u00d6ffnungszeiten beim Amt Vi\u00f6l:<\/p>\n<p>Montag 8:00 bis 12:00 Uhr<br \/>\nDienstag 8:00 bis 12:00 Uhr<br \/>\nMittwoch ganzt\u00e4gig geschlossen<strong><br \/>\n<\/strong>Donnerstag von 8:00 bis 12:00 Uhr<br \/>\nund 13:00 bis 18:00 Uhr<br \/>\nFreitag 8:00 bis 12:00 Uhr<\/p>\n<p>Pers\u00f6nliche Termine gerne auch au\u00dferhalb der offiziellen \u00d6ffnungszeiten\u00a0nach Vereinbarung.<\/p>\n<\/div><\/section><br \/>\n<div  class='hr av-bnevq-ca9576f369f7e02e84604665d4863f3c hr-default  avia-builder-el-35  el_after_av_textblock  el_before_av_textblock '><span class='hr-inner '><span class=\"hr-inner-style\"><\/span><\/span><\/div><br \/>\n<section  class='av_textblock_section av-m4lczriq-ff0b7636edd8a95c212cf0d70291a7d4 '   itemscope=\"itemscope\" itemtype=\"https:\/\/schema.org\/CreativeWork\" ><div class='avia_textblock'  itemprop=\"text\" ><p><a href=\"https:\/\/nordfriesland.buergerportal.sh\/buergerportal\" target=\"_blank\" rel=\"noopener\">B\u00fcrgerportal Nordfriesland<\/a><\/p>\n<\/div><\/section><\/p><\/div>\n","protected":false},"excerpt":{"rendered":"","protected":false},"author":1,"featured_media":0,"parent":0,"menu_order":0,"comment_status":"closed","ping_status":"closed","template":"","meta":{"footnotes":""},"class_list":["post-150","page","type-page","status-publish","hentry"],"_links":{"self":[{"href":"https:\/\/ahrenvioelfeld.de\/wordpress\/wp-json\/wp\/v2\/pages\/150","targetHints":{"allow":["GET"]}}],"collection":[{"href":"https:\/\/ahrenvioelfeld.de\/wordpress\/wp-json\/wp\/v2\/pages"}],"about":[{"href":"https:\/\/ahrenvioelfeld.de\/wordpress\/wp-json\/wp\/v2\/types\/page"}],"author":[{"embeddable":true,"href":"https:\/\/ahrenvioelfeld.de\/wordpress\/wp-json\/wp\/v2\/users\/1"}],"replies":[{"embeddable":true,"href":"https:\/\/ahrenvioelfeld.de\/wordpress\/wp-json\/wp\/v2\/comments?post=150"}],"version-history":[{"count":55,"href":"https:\/\/ahrenvioelfeld.de\/wordpress\/wp-json\/wp\/v2\/pages\/150\/revisions"}],"predecessor-version":[{"id":1028,"href":"https:\/\/ahrenvioelfeld.de\/wordpress\/wp-json\/wp\/v2\/pages\/150\/revisions\/1028"}],"wp:attachment":[{"href":"https:\/\/ahrenvioelfeld.de\/wordpress\/wp-json\/wp\/v2\/media?parent=150"}],"curies":[{"name":"wp","href":"https:\/\/api.w.org\/{rel}","templated":true}]}}