{"id":127,"date":"2024-12-06T14:25:27","date_gmt":"2024-12-06T13:25:27","guid":{"rendered":"https:\/\/web382.andrea.webhoster.ag\/wordpress\/?page_id=127"},"modified":"2025-05-30T11:30:04","modified_gmt":"2025-05-30T09:30:04","slug":"ahrenvioelfeld","status":"publish","type":"page","link":"https:\/\/ahrenvioelfeld.de\/wordpress\/","title":{"rendered":"Startseite"},"content":{"rendered":"\n<style type=\"text\/css\" data-created_by=\"avia_inline_auto\" id=\"style-css-av-m49t3kl7-fbb9ed88f2ea4ed480cf1623965c0aba\">\n#top .av-special-heading.av-m49t3kl7-fbb9ed88f2ea4ed480cf1623965c0aba{\npadding-bottom:10px;\n}\nbody .av-special-heading.av-m49t3kl7-fbb9ed88f2ea4ed480cf1623965c0aba .av-special-heading-tag .heading-char{\nfont-size:25px;\n}\n.av-special-heading.av-m49t3kl7-fbb9ed88f2ea4ed480cf1623965c0aba .av-subheading{\nfont-size:15px;\n}\n<\/style>\n<div  class='av-special-heading av-m49t3kl7-fbb9ed88f2ea4ed480cf1623965c0aba av-special-heading-h1 blockquote modern-quote modern-centered  avia-builder-el-0  el_before_av_slideshow_full  avia-builder-el-no-sibling '><h1 class='av-special-heading-tag '  itemprop=\"headline\"  >Willkommen in Ahrenvi\u00f6lfeld<\/h1><div class='av-subheading av-subheading_below'><p>Das Dorf zwischen den Meeren!<\/p>\n<\/div><div class=\"special-heading-border\"><div class=\"special-heading-inner-border\"><\/div><\/div><\/div>\n<\/div><\/div><\/div><!-- close content main div --><\/div><\/div><div id='full_slider_1'  class='avia-fullwidth-slider main_color avia-shadow   avia-builder-el-1  el_after_av_heading  el_before_av_hr   slider-not-first container_wrap sidebar_right'  ><div  class='avia-slideshow av-m49su2aa-251edffa8c0d7f0e4164c0a0ddf410bc avia-slideshow-featured av_slideshow_full avia-slide-slider av-slideshow-ui av-control-default av-no-slider-navigation av-slideshow-autoplay av-loop-endless av-loop-manual-endless av-default-height-applied   avia-slideshow-1' data-slideshow-options=\"{&quot;animation&quot;:&quot;slide&quot;,&quot;autoplay&quot;:true,&quot;loop_autoplay&quot;:&quot;endless&quot;,&quot;interval&quot;:5,&quot;loop_manual&quot;:&quot;manual-endless&quot;,&quot;autoplay_stopper&quot;:false,&quot;noNavigation&quot;:false,&quot;bg_slider&quot;:false,&quot;keep_padding&quot;:false,&quot;hoverpause&quot;:false,&quot;show_slide_delay&quot;:0}\"  itemprop=\"image\" itemscope=\"itemscope\" itemtype=\"https:\/\/schema.org\/ImageObject\" ><ul class='avia-slideshow-inner ' style='padding-bottom: 33.962264150943%;'><li  class='avia-slideshow-slide av-m49su2aa-251edffa8c0d7f0e4164c0a0ddf410bc__0  slide-1 slide-odd'><div data-rel='slideshow-1' class='avia-slide-wrap '   ><img decoding=\"async\" fetchpriority=\"high\" class=\"wp-image-72 avia-img-lazy-loading-not-72\"  src=\"https:\/\/ahrenvioelfeld.de\/wordpress\/wp-content\/uploads\/2024\/11\/SU_001.jpg\" width=\"689\" height=\"234\" title='SU_001' alt=''  itemprop=\"thumbnailUrl\" srcset=\"https:\/\/ahrenvioelfeld.de\/wordpress\/wp-content\/uploads\/2024\/11\/SU_001.jpg 689w, https:\/\/ahrenvioelfeld.de\/wordpress\/wp-content\/uploads\/2024\/11\/SU_001-300x102.jpg 300w\" sizes=\"(max-width: 689px) 100vw, 689px\" \/><\/div><\/li><li  class='avia-slideshow-slide av-m49su2aa-251edffa8c0d7f0e4164c0a0ddf410bc__1  slide-2 slide-even'><div data-rel='slideshow-1' class='avia-slide-wrap '   ><img decoding=\"async\" fetchpriority=\"high\" class=\"wp-image-193 avia-img-lazy-loading-not-193\"  src=\"https:\/\/ahrenvioelfeld.de\/wordpress\/wp-content\/uploads\/2024\/12\/banner-dorf-1.jpg\" width=\"901\" height=\"299\" title='banner-dorf 1' alt=''  itemprop=\"thumbnailUrl\" srcset=\"https:\/\/ahrenvioelfeld.de\/wordpress\/wp-content\/uploads\/2024\/12\/banner-dorf-1.jpg 901w, https:\/\/ahrenvioelfeld.de\/wordpress\/wp-content\/uploads\/2024\/12\/banner-dorf-1-300x100.jpg 300w, https:\/\/ahrenvioelfeld.de\/wordpress\/wp-content\/uploads\/2024\/12\/banner-dorf-1-768x255.jpg 768w, https:\/\/ahrenvioelfeld.de\/wordpress\/wp-content\/uploads\/2024\/12\/banner-dorf-1-705x234.jpg 705w\" sizes=\"(max-width: 901px) 100vw, 901px\" \/><\/div><\/li><li  class='avia-slideshow-slide av-m49su2aa-251edffa8c0d7f0e4164c0a0ddf410bc__2  slide-3 slide-odd'><div data-rel='slideshow-1' class='avia-slide-wrap '   ><img decoding=\"async\" fetchpriority=\"high\" class=\"wp-image-707 avia-img-lazy-loading-not-707\"  src=\"https:\/\/ahrenvioelfeld.de\/wordpress\/wp-content\/uploads\/2024\/11\/f_banner6-1.jpg\" width=\"900\" height=\"301\" title='f_banner6' alt=''  itemprop=\"thumbnailUrl\" srcset=\"https:\/\/ahrenvioelfeld.de\/wordpress\/wp-content\/uploads\/2024\/11\/f_banner6-1.jpg 900w, https:\/\/ahrenvioelfeld.de\/wordpress\/wp-content\/uploads\/2024\/11\/f_banner6-1-300x100.jpg 300w, https:\/\/ahrenvioelfeld.de\/wordpress\/wp-content\/uploads\/2024\/11\/f_banner6-1-768x257.jpg 768w, https:\/\/ahrenvioelfeld.de\/wordpress\/wp-content\/uploads\/2024\/11\/f_banner6-1-705x236.jpg 705w\" sizes=\"(max-width: 900px) 100vw, 900px\" \/><\/div><\/li><li  class='avia-slideshow-slide av-m49su2aa-251edffa8c0d7f0e4164c0a0ddf410bc__3  slide-4 slide-even'><div data-rel='slideshow-1' class='avia-slide-wrap '   ><img decoding=\"async\" fetchpriority=\"high\" class=\"wp-image-264 avia-img-lazy-loading-not-264\"  src=\"https:\/\/ahrenvioelfeld.de\/wordpress\/wp-content\/uploads\/2024\/12\/IMG_2838-1500x430.jpg\" width=\"1500\" height=\"430\" title='IMG_2838' alt=''  itemprop=\"thumbnailUrl\"   \/><\/div><\/li><li  class='avia-slideshow-slide av-m49su2aa-251edffa8c0d7f0e4164c0a0ddf410bc__4  slide-5 slide-odd'><div data-rel='slideshow-1' class='avia-slide-wrap '   ><img decoding=\"async\" fetchpriority=\"high\" class=\"wp-image-195 avia-img-lazy-loading-not-195\"  src=\"https:\/\/ahrenvioelfeld.de\/wordpress\/wp-content\/uploads\/2024\/12\/banner-dorf3.jpg\" width=\"900\" height=\"300\" title='banner-dorf3' alt=''  itemprop=\"thumbnailUrl\" srcset=\"https:\/\/ahrenvioelfeld.de\/wordpress\/wp-content\/uploads\/2024\/12\/banner-dorf3.jpg 900w, https:\/\/ahrenvioelfeld.de\/wordpress\/wp-content\/uploads\/2024\/12\/banner-dorf3-300x100.jpg 300w, https:\/\/ahrenvioelfeld.de\/wordpress\/wp-content\/uploads\/2024\/12\/banner-dorf3-768x256.jpg 768w, https:\/\/ahrenvioelfeld.de\/wordpress\/wp-content\/uploads\/2024\/12\/banner-dorf3-705x235.jpg 705w\" sizes=\"(max-width: 900px) 100vw, 900px\" \/><\/div><\/li><li  class='avia-slideshow-slide av-m49su2aa-251edffa8c0d7f0e4164c0a0ddf410bc__5  slide-6 slide-even'><div data-rel='slideshow-1' class='avia-slide-wrap '   ><img decoding=\"async\" fetchpriority=\"high\" class=\"wp-image-56 avia-img-lazy-loading-not-56\"  src=\"https:\/\/ahrenvioelfeld.de\/wordpress\/wp-content\/uploads\/2024\/11\/banner-kaelber.jpg\" width=\"901\" height=\"300\" title='banner-kaelber' alt=''  itemprop=\"thumbnailUrl\" srcset=\"https:\/\/ahrenvioelfeld.de\/wordpress\/wp-content\/uploads\/2024\/11\/banner-kaelber.jpg 901w, https:\/\/ahrenvioelfeld.de\/wordpress\/wp-content\/uploads\/2024\/11\/banner-kaelber-300x100.jpg 300w, https:\/\/ahrenvioelfeld.de\/wordpress\/wp-content\/uploads\/2024\/11\/banner-kaelber-768x256.jpg 768w, https:\/\/ahrenvioelfeld.de\/wordpress\/wp-content\/uploads\/2024\/11\/banner-kaelber-705x235.jpg 705w\" sizes=\"(max-width: 901px) 100vw, 901px\" \/><\/div><\/li><li  class='avia-slideshow-slide av-m49su2aa-251edffa8c0d7f0e4164c0a0ddf410bc__6  slide-7 slide-odd'><div data-rel='slideshow-1' class='avia-slide-wrap '   ><img decoding=\"async\" fetchpriority=\"high\" class=\"wp-image-689 avia-img-lazy-loading-not-689\"  src=\"https:\/\/ahrenvioelfeld.de\/wordpress\/wp-content\/uploads\/2024\/11\/banner-f1-1.jpg\" width=\"901\" height=\"300\" title='banner-f1' alt=''  itemprop=\"thumbnailUrl\" srcset=\"https:\/\/ahrenvioelfeld.de\/wordpress\/wp-content\/uploads\/2024\/11\/banner-f1-1.jpg 901w, https:\/\/ahrenvioelfeld.de\/wordpress\/wp-content\/uploads\/2024\/11\/banner-f1-1-300x100.jpg 300w, https:\/\/ahrenvioelfeld.de\/wordpress\/wp-content\/uploads\/2024\/11\/banner-f1-1-768x256.jpg 768w, https:\/\/ahrenvioelfeld.de\/wordpress\/wp-content\/uploads\/2024\/11\/banner-f1-1-705x235.jpg 705w\" sizes=\"(max-width: 901px) 100vw, 901px\" \/><\/div><\/li><\/ul><div class='avia-slideshow-arrows avia-slideshow-controls' ><a href='#prev' class='prev-slide ' aria-hidden='true' data-av_icon='\ue87c' data-av_iconfont='entypo-fontello'  tabindex='-1'>Zur\u00fcck<\/a><a href='#next' class='next-slide ' aria-hidden='true' data-av_icon='\ue87d' data-av_iconfont='entypo-fontello'  tabindex='-1'>Weiter<\/a><\/div><\/div><\/div><div id='after_full_slider_1'  class='main_color av_default_container_wrap container_wrap sidebar_right'  ><div class='container av-section-cont-open' ><div class='template-page content  av-content-small alpha units'><div class='post-entry post-entry-type-page post-entry-127'><div class='entry-content-wrapper clearfix'>\n<div  class='hr av-bo0gv-e1128ae96c3c84bfe0d35fcd5a2a27fd hr-default  avia-builder-el-2  el_after_av_slideshow_full  el_before_av_one_half  avia-builder-el-first '><span class='hr-inner '><span class=\"hr-inner-style\"><\/span><\/span><\/div>\n<div  class='flex_column av-ebr87-b4f3b55f0bd52cf5873b42f0f6dc1521 av_one_half  avia-builder-el-3  el_after_av_hr  el_before_av_one_half  first flex_column_div  '     ><section  class='av_textblock_section av-m49taphh-6519d0f2b86f1f303eb4e0172a7c9abe '   itemscope=\"itemscope\" itemtype=\"https:\/\/schema.org\/CreativeWork\" ><div class='avia_textblock'  itemprop=\"text\" ><p>Ahrenvi\u00f6lfeld liegt im Osten von Nordfriesland und geh\u00f6rt zum Amtsbereich Vi\u00f6l. Derzeit hat Ahrenvi\u00f6lfeld 230 Einwohner. Das Herzst\u00fcck des Ortes bildet ein liebevoll angelegter und idyllisch gelegener Ententeich.<\/p>\n<p>Die Gemeinde Ahrenvi\u00f6lfeld ist durch seine d\u00f6rfliche Struktur gekennzeichnet. Das zeigt sich einerseits durch die alten landwirtschaftlichen Betriebe, aber auch durch das menschliche Miteinander. Hier auf dem Dorf wird noch aufeinander geachtet, man kennt seine Nachbarn und geht gerne einmal f\u00fcr einen &#8222;kurzen Schnack&#8220; r\u00fcber.<\/p>\n<p>Das neu errichtete Dorfgemeinschaftshaus mit Feuerwehrger\u00e4tehaus bildet den Dorfmittelpunkt unserer Gemeinde. Hier finden neben den Gemeinderatssitzungen, Familienfeiern, Dorffesten und Spielenachmittagen auch kulturelle Veranstaltungen statt. Zudem hat die \u00f6rtliche Feuerwehr mit dem neuen Anbau und damit auch tollen Umkleider\u00e4ume ein ausgezeichnetes Zuhause gefunden.<\/p>\n<p>Bis 1934 geh\u00f6rte Ahrenvi\u00f6lfeld zum 3 km entfernt gelegenen Ahrenvi\u00f6l. Seit dieser Zeit ist der Ort eigenst\u00e4ndig, mit einer eigenen Gemeindevertretung<\/p>\n<p>Auf den n\u00e4chsten Seiten k\u00f6nnen Sie sich ein Bild von unserer Gemeinde, aber auch von den Menschen und den Veranstaltungen im Dorf machen. Dabei w\u00fcnschen wir Ihnen viel Spa\u00df.<\/p>\n<\/div><\/section><\/div>\n<div  class='flex_column av-9ulj3-9fb23642c89fe81ea2ef319601a2621a av_one_half  avia-builder-el-5  el_after_av_one_half  avia-builder-el-last  flex_column_div  '     ><p>\n<style type=\"text\/css\" data-created_by=\"avia_inline_auto\" id=\"style-css-av-m49tny96-3fabbb4c7c6c2bc16033a9a85692fdea\">\n.avia-image-container.av-m49tny96-3fabbb4c7c6c2bc16033a9a85692fdea img.avia_image{\nbox-shadow:none;\n}\n.avia-image-container.av-m49tny96-3fabbb4c7c6c2bc16033a9a85692fdea .av-image-caption-overlay-center{\ncolor:#ffffff;\n}\n<\/style>\n<div  class='avia-image-container av-m49tny96-3fabbb4c7c6c2bc16033a9a85692fdea av-styling- avia-align-center  avia-builder-el-6  el_before_av_image  avia-builder-el-first '   itemprop=\"image\" itemscope=\"itemscope\" itemtype=\"https:\/\/schema.org\/ImageObject\" ><div class=\"avia-image-container-inner\"><div class=\"avia-image-overlay-wrap\"><img decoding=\"async\" fetchpriority=\"high\" class='wp-image-32 avia-img-lazy-loading-not-32 avia_image ' src=\"https:\/\/ahrenvioelfeld.de\/wordpress\/wp-content\/uploads\/2024\/11\/vonoben7-scaled.jpg\" alt='' title='vonoben7'  height=\"1079\" width=\"1920\"  itemprop=\"thumbnailUrl\" srcset=\"https:\/\/ahrenvioelfeld.de\/wordpress\/wp-content\/uploads\/2024\/11\/vonoben7-scaled.jpg 1920w, https:\/\/ahrenvioelfeld.de\/wordpress\/wp-content\/uploads\/2024\/11\/vonoben7-300x168.jpg 300w, https:\/\/ahrenvioelfeld.de\/wordpress\/wp-content\/uploads\/2024\/11\/vonoben7-1030x578.jpg 1030w, https:\/\/ahrenvioelfeld.de\/wordpress\/wp-content\/uploads\/2024\/11\/vonoben7-768x431.jpg 768w, https:\/\/ahrenvioelfeld.de\/wordpress\/wp-content\/uploads\/2024\/11\/vonoben7-1536x863.jpg 1536w, https:\/\/ahrenvioelfeld.de\/wordpress\/wp-content\/uploads\/2024\/11\/vonoben7-2048x1150.jpg 2048w, https:\/\/ahrenvioelfeld.de\/wordpress\/wp-content\/uploads\/2024\/11\/vonoben7-1500x842.jpg 1500w, https:\/\/ahrenvioelfeld.de\/wordpress\/wp-content\/uploads\/2024\/11\/vonoben7-705x396.jpg 705w\" sizes=\"(max-width: 1920px) 100vw, 1920px\" \/><\/div><\/div><\/div><br \/>\n\n<style type=\"text\/css\" data-created_by=\"avia_inline_auto\" id=\"style-css-av-m49tpydu-355757e83b2c15b031aacdc29275accd\">\n.avia-image-container.av-m49tpydu-355757e83b2c15b031aacdc29275accd img.avia_image{\nbox-shadow:none;\n}\n.avia-image-container.av-m49tpydu-355757e83b2c15b031aacdc29275accd .av-image-caption-overlay-center{\ncolor:#ffffff;\n}\n<\/style>\n<div  class='avia-image-container av-m49tpydu-355757e83b2c15b031aacdc29275accd av-styling- avia-align-center  avia-builder-el-7  el_after_av_image  avia-builder-el-last '   itemprop=\"image\" itemscope=\"itemscope\" itemtype=\"https:\/\/schema.org\/ImageObject\" ><div class=\"avia-image-container-inner\"><div class=\"avia-image-overlay-wrap\"><img decoding=\"async\" fetchpriority=\"high\" class='wp-image-29 avia-img-lazy-loading-not-29 avia_image ' src=\"https:\/\/ahrenvioelfeld.de\/wordpress\/wp-content\/uploads\/2024\/11\/vonoben4-scaled.jpg\" alt='' title='vonoben4'  height=\"1079\" width=\"1920\"  itemprop=\"thumbnailUrl\" srcset=\"https:\/\/ahrenvioelfeld.de\/wordpress\/wp-content\/uploads\/2024\/11\/vonoben4-scaled.jpg 1920w, https:\/\/ahrenvioelfeld.de\/wordpress\/wp-content\/uploads\/2024\/11\/vonoben4-300x168.jpg 300w, https:\/\/ahrenvioelfeld.de\/wordpress\/wp-content\/uploads\/2024\/11\/vonoben4-1030x578.jpg 1030w, https:\/\/ahrenvioelfeld.de\/wordpress\/wp-content\/uploads\/2024\/11\/vonoben4-768x431.jpg 768w, https:\/\/ahrenvioelfeld.de\/wordpress\/wp-content\/uploads\/2024\/11\/vonoben4-1536x863.jpg 1536w, https:\/\/ahrenvioelfeld.de\/wordpress\/wp-content\/uploads\/2024\/11\/vonoben4-2048x1150.jpg 2048w, https:\/\/ahrenvioelfeld.de\/wordpress\/wp-content\/uploads\/2024\/11\/vonoben4-1500x842.jpg 1500w, https:\/\/ahrenvioelfeld.de\/wordpress\/wp-content\/uploads\/2024\/11\/vonoben4-705x396.jpg 705w\" sizes=\"(max-width: 1920px) 100vw, 1920px\" \/><\/div><\/div><\/div><\/p><\/div>\n","protected":false},"excerpt":{"rendered":"","protected":false},"author":1,"featured_media":0,"parent":0,"menu_order":0,"comment_status":"closed","ping_status":"closed","template":"","meta":{"footnotes":""},"class_list":["post-127","page","type-page","status-publish","hentry"],"_links":{"self":[{"href":"https:\/\/ahrenvioelfeld.de\/wordpress\/wp-json\/wp\/v2\/pages\/127","targetHints":{"allow":["GET"]}}],"collection":[{"href":"https:\/\/ahrenvioelfeld.de\/wordpress\/wp-json\/wp\/v2\/pages"}],"about":[{"href":"https:\/\/ahrenvioelfeld.de\/wordpress\/wp-json\/wp\/v2\/types\/page"}],"author":[{"embeddable":true,"href":"https:\/\/ahrenvioelfeld.de\/wordpress\/wp-json\/wp\/v2\/users\/1"}],"replies":[{"embeddable":true,"href":"https:\/\/ahrenvioelfeld.de\/wordpress\/wp-json\/wp\/v2\/comments?post=127"}],"version-history":[{"count":34,"href":"https:\/\/ahrenvioelfeld.de\/wordpress\/wp-json\/wp\/v2\/pages\/127\/revisions"}],"predecessor-version":[{"id":859,"href":"https:\/\/ahrenvioelfeld.de\/wordpress\/wp-json\/wp\/v2\/pages\/127\/revisions\/859"}],"wp:attachment":[{"href":"https:\/\/ahrenvioelfeld.de\/wordpress\/wp-json\/wp\/v2\/media?parent=127"}],"curies":[{"name":"wp","href":"https:\/\/api.w.org\/{rel}","templated":true}]}}